{"id":195,"date":"2018-11-04T19:14:51","date_gmt":"2018-11-04T19:14:51","guid":{"rendered":"http:\/\/lapatumroomescape.com\/?page_id=195"},"modified":"2023-07-26T14:15:00","modified_gmt":"2023-07-26T14:15:00","slug":"condicions-contractacio","status":"publish","type":"page","link":"https:\/\/escapelapatum.com\/index.php\/condicions-contractacio\/","title":{"rendered":"Condicions Generals de Contractaci\u00f3"},"content":{"rendered":"<p>[et_pb_section fb_built=\u00bb1&#8243; _builder_version=\u00bb3.22&#8243;][et_pb_row _builder_version=\u00bb3.25&#8243; background_size=\u00bbinitial\u00bb background_position=\u00bbtop_left\u00bb background_repeat=\u00bbrepeat\u00bb][et_pb_column type=\u00bb4_4&#8243; _builder_version=\u00bb3.25&#8243; custom_padding=\u00bb|||\u00bb custom_padding__hover=\u00bb|||\u00bb][et_pb_text _builder_version=\u00bb3.27.4&#8243;]<strong>E-COMERCE (SERVEIS). Condicions generals de contractaci\u00f3<\/strong><\/p>\n<p><strong>CONDICIONIS GENERALS DE CONTRACTACI\u00d3<\/strong><\/p>\n<p>Aquest document contractual regir\u00e0 la contractaci\u00f3 de serveis a trav\u00e9s del lloc web http:\/\/escapelapatum.com\/, propietat de JOAN FIGOLS XANDRI, d&#8217;ara endavant PRESTADOR.<\/p>\n<p>L&#8217;acceptaci\u00f3 d&#8217;aquest document comporta que l&#8217;USUARI:<\/p>\n<p>&#8211; Ha llegit, ent\u00e9n i compr\u00e8n l&#8217;aqu\u00ed exposat.<br \/>\n&#8211; \u00c9s una persona amb capacitat suficient per contractar.<br \/>\n&#8211; Assumeix totes les obligacions aqu\u00ed disposades.<\/p>\n<p>Aquestes condicions tindran un per\u00edode de validesa indefinit i seran aplicables a totes les contractacions realitzades a trav\u00e9s del lloc web del PRESTADOR.<\/p>\n<p>El PRESTADOR informa que el comer\u00e7 \u00e9s responsable i coneix la legislaci\u00f3 vigent dels pa\u00efsos als quals ofereix els serveis i es reserva el dret de modificar unilateralment les condicions, sense que aix\u00f2 pugui afectar als b\u00e9ns o promocions que van ser adquirits pr\u00e8viament a la modificaci\u00f3.<\/p>\n<p>Identitat de les parts contractants<\/p>\n<p>D&#8217;una banda, el prove\u00efdor dels b\u00e9ns o serveis contractats per l&#8217;USUARI \u00e9s JOAN *FIGOLS *XANDRI, amb domicili social *CARRER PERE II, 45 &#8211; *BAIXOS 08600 BERGA (BARCELONA), NIF 39395092W i amb tel\u00e8fon d&#8217;atenci\u00f3 al client \/ USUARI 664776810.<\/p>\n<p>I d&#8217;una altra, l&#8217;USUARI, registrat en el lloc web mitjan\u00e7ant un nom d&#8217;usuari i contrasenya, sobre els quals t\u00e9 responsabilitat plena d&#8217;\u00fas i cust\u00f2dia, i \u00e9s responsable de la veracitat de les dades personals facilitades al PRESTADOR.<\/p>\n<p>Objecte del contracte<\/p>\n<p>El present contracte t\u00e9 per objecte regular la relaci\u00f3 contractual de compravenda nascuda entre el PRESTADOR i l&#8217;USUARI al moment en qu\u00e8 aquest accepta durant el proc\u00e9s de contractaci\u00f3 en l\u00ednia la casella corresponent.<\/p>\n<p>La relaci\u00f3 contractual de compravenda comporta el lliurament, a canvi d&#8217;un preu determinat i p\u00fablicament exposat a trav\u00e9s del lloc web, d&#8217;un servei concret.<\/p>\n<p>Procediment de contractaci\u00f3<\/p>\n<p>L&#8217;USUARI, per poder accedir als serveis oferts per PRESTADOR, haur\u00e0 de contractar el servei a trav\u00e9s del lloc web mitjan\u00e7ant l&#8217;opci\u00f3 de compra. Per aix\u00f2, l&#8217;USUARI haur\u00e0 de proporcionar de manera lliure i volunt\u00e0ria les dades personals que li seran requerits, els quals es tractessin de conformitat amb el que es disposa en el Reglament (UE) 2016\/679 de 27 d&#8217;abril de 2016 (*GDPR) relatiu a la protecci\u00f3 de les persones f\u00edsiques pel que fa al tractament de dades personals i a la lliure circulaci\u00f3 d&#8217;aquestes dades detallat en l&#8217;Av\u00eds legal i Pol\u00edtica de privadesa d&#8217;aquest lloc web.<\/p>\n<p>Una vegada ha estat realitzada la compra, s&#8217;informa que de conformitat amb el que exigeix l&#8217;article 27 de la Llei 34\/2002, de Serveis de la Societat de la Informaci\u00f3 i del Comer\u00e7 Electr\u00f2nic (*LSSICE), el procediment de contractaci\u00f3 seguir\u00e0 els seg\u00fcents passos:<\/p>\n<p>1. Cl\u00e0usules generals de contractaci\u00f3.<br \/>\n2. Enviament de comandes.<br \/>\n3. Dret de desistiment.<br \/>\n4. Reclamacions.<br \/>\n5. For\u00e7a major.<br \/>\n6. Compet\u00e8ncia.<br \/>\n7. Generalitats de l&#8217;oferta.<br \/>\n8. Preu i termini de validesa de l&#8217;oferta.<br \/>\n9. Despeses de transport.<br \/>\n10. Forma de pagament, despeses i descomptes.<br \/>\n11. Proc\u00e9s de compra.<br \/>\n12. Garanties aplicables.<br \/>\n13. Garanties i devolucions.<br \/>\n14. Llei aplicable i jurisdicci\u00f3.<\/p>\n<p>1. CL\u00c0USULES GENERALS DE CONTRACTACI\u00d3<\/p>\n<p>Excepte estipulaci\u00f3 particular per escrit, la realitzaci\u00f3 d&#8217;una comanda al PRESTADOR suposar\u00e0 l&#8217;acceptaci\u00f3 per part de l&#8217;USUARI d&#8217;aquestes condicions legals. Cap estipulaci\u00f3 feta per l&#8217;USUARI podr\u00e0 diferir de les del PRESTADOR si no ha estat expressament acceptada per endavant i per escrit per PRESTADOR.<\/p>\n<p>2. ENVIAMENT DE COMANDES<\/p>\n<p>El PRESTADOR enviar\u00e0 per correu electr\u00f2nic comprovant de la reserva-compra a l&#8217;adre\u00e7a de correu electr\u00f2nic facilitada per l&#8217;usuari.<\/p>\n<p>3. DRET DE DESISTIMENT<\/p>\n<p>L&#8217;USUARI t\u00e9 els mateixos drets i terminis per procedir a realitzar la devoluci\u00f3 i \/ o reclamar els possibles vicis o defectes que present el servei, tant en manera en l\u00ednia com fora de l\u00ednia.<\/p>\n<p>L&#8217;USUARI disposa d&#8217;un termini de catorze dies naturals, explicats a partir de la data de recepci\u00f3 del producte, per a la devoluci\u00f3 del mateix (article 71 de la Llei 3\/2014 de 27 de mar\u00e7).<\/p>\n<p>En el cas que l&#8217;USUARI no es present en la data i hora especificada de contractaci\u00f3 del servei no se li retornar\u00e0 la paga i senyal de compra, solament es donar\u00e0 la possibilitat de poder reservar en una altra data.<\/p>\n<p>4. RECLAMACIONS<\/p>\n<p>Qualsevol reclamaci\u00f3 que l&#8217;USUARI consideri oportuna ser\u00e0 atesa en la menor brevetat possible, podent-se realitzar en les seg\u00fcents adreces de contacte:<\/p>\n<p>Postal: JOAN *FIGOLS *XANDRI, *CARRER PERE II, 45 &#8211; *BAIXOS 08600 BERGA (BARCELONA)<br \/>\nTel\u00e8fon: 664776810<br \/>\nMail: info@escapelapatum.com<\/p>\n<p>Resoluci\u00f3 de litigis en l\u00ednia (Online Disputi *Resolution)<\/p>\n<p>Conforme a l&#8217;Art. 14.1 del Reglament (UE) 524\/2013, la Comissi\u00f3 Europea facilita una plataforma d&#8217;acc\u00e9s gratu\u00eft per a la resoluci\u00f3 de conflictes online entre l&#8217;USUARI i el PRESTADOR, sense necessitat de rec\u00f3rrer a els tribunals de just\u00edcia, mitjan\u00e7ant la intervenci\u00f3 d&#8217;un tercer, anomenat Organisme de resoluci\u00f3 de litigis, que actua d&#8217;intermediari entre tots dos. Aquest organisme \u00e9s neutral i dialogar\u00e0 amb ambdues parts per aconseguir un acord, podent finalment suggerir i\/o imposar una soluci\u00f3 al conflicte.<\/p>\n<p>Enlla\u00e7 a la plataforma *ODR: http:\/\/ec.europa.eu\/consumers\/odr\/<\/p>\n<p>5. FOR\u00c7A MAJOR<\/p>\n<p>Les parts no incorreran en responsabilitat davant qualsevol falta deguda a causa major. El compliment de l&#8217;obligaci\u00f3 es demorar\u00e0 fins al cessament del cas de for\u00e7a major.<\/p>\n<p>6. COMPET\u00c8NCIA<\/p>\n<p>L&#8217;USUARI no podr\u00e0 cedir, transferir o transmetre els drets, responsabilitats i obligacions contractats en la venda.<\/p>\n<p>Si alguna estipulaci\u00f3 d&#8217;aquestes condicions fos considerada nul\u00b7la o d&#8217;impossible compliment, la validesa, legalitat i compliment de la resta no es veuran afectats de cap manera, ni sofriran modificaci\u00f3 de cap manera.<\/p>\n<p>L&#8217;USUARI declara haver llegit, con\u00e8ixer i acceptar les presents Condicions Generals en tota la seva extensi\u00f3.<\/p>\n<p>7. GENERALITATS DE L&#8217;OFERTA<\/p>\n<p>Totes les vendes i lliuraments efectuats pel PRESTADOR s&#8217;entendran sotmeses a les presents Condicions Generals.<\/p>\n<p>Cap modificaci\u00f3, alteraci\u00f3 o pacte contrari a la Proposta Comercial de JOAN *FIGOLS *XANDRI o aqu\u00ed estipulat tindr\u00e0 efecte, excepte pacte expr\u00e9s per escrit signat pel PRESTADOR, en aquest cas, aquests pactes particulars prevaldran.<\/p>\n<p>Donats els continus avan\u00e7os t\u00e8cnics i millores dels serveis, el PRESTADOR es reserva la facultat de modificar les seves especificacions respecte de la informaci\u00f3 facilitada en la seva publicitat, fins que no afecti el valor dels serveis oferts. Aquestes modificacions tindran aix\u00ed mateix validesa en cas que, per qualsevol causa, es vei\u00e9s afectada la possibilitat de subministrament dels serveis oferts.<\/p>\n<p>8. PREU I TERMINI DE VALIDESA DE L&#8217;OFERTA<\/p>\n<p>Els preus que s&#8217;indiquen respecte de cada servei inclouen l&#8217;Impost sobre el Valor Afegit (IVA) o altres impostos que poguessin ser aplicables.<\/p>\n<p>Els preus aplicables a cada servei s\u00f3n els publicats en el lloc web i s&#8217;expressaran en la moneda EURO. L&#8217;USUARI assumeix que la valoraci\u00f3 econ\u00f2mica d&#8217;alguns dels serveis podr\u00e0 variar en temps real.<\/p>\n<p>Una vegada realitzat la comanda, els preus es mantindran tant si hi ha disponibilitat de serveis com si no.<\/p>\n<p>Tot pagament realitzat al PRESTADOR comporta l&#8217;emissi\u00f3 d&#8217;una factura a nom de l&#8217;USUARI registrat o de la ra\u00f3 social que aquest hagi informat al moment de realitzar la comanda, amb sol\u00b7licitud expressa. Aquesta factura ser\u00e0 enviada juntament amb el servei adquirit a l&#8217;adre\u00e7a de correu electr\u00f2nic proporcionada per l&#8217;USUARI.<\/p>\n<p>Per a qualsevol informaci\u00f3 sobre la comanda, l&#8217;USUARI podr\u00e0 contactar a trav\u00e9s del tel\u00e8fon d&#8217;atenci\u00f3 al client del PRESTADOR 664776810 o via correu electr\u00f2nic a l&#8217;adre\u00e7a info@escapelapatum.com.<\/p>\n<p>9. DESPESES DE TRANSPORT<\/p>\n<p>No existeixen despeses de transport.<\/p>\n<p>10. FORMES DE PAGAMENT, C\u00c0RRECS I DESCOMPTES<\/p>\n<p>El PRESTADOR possibilita les seg\u00fcents formes per efectuar el pagament d&#8217;una comanda:<\/p>\n<p>\u2022 Targeta de cr\u00e8dit carrego en compte: no s&#8217;aplicaran ni descomptes ni c\u00e0rrecs.<\/p>\n<p>11. PROC\u00c9S DE COMPRA<\/p>\n<p>Es pot fer una compra\/reserva seguint els seg\u00fcents passos necessaris per a la correcta formalitzaci\u00f3:<\/p>\n<p>1. &#8211; Comprovaci\u00f3 de les dades de formulari<br \/>\n2. &#8211; Comprovaci\u00f3 de l&#8217;adre\u00e7a d&#8217;enviament.<br \/>\n3. &#8211; Selecci\u00f3 de la forma de pagament.<br \/>\n4. &#8211; Realitzar la comanda (comprar).<\/p>\n<p>Una vegada processat el pressupost, el sistema envia instant\u00e0niament un correu electr\u00f2nic al departament de gesti\u00f3 del PRESTADOR.<\/p>\n<p>Comandes (sol\u00b7licituds de compra)<\/p>\n<p>En un m\u00e0xim de 24 hores, en dies laborables, s&#8217;enviar\u00e0 un correu electr\u00f2nic confirmant l&#8217;estat de la comanda i la data d&#8217;enviament<\/p>\n<p>12. GARANTIES APLICABLES<\/p>\n<p>Tots els serveis oferts a trav\u00e9s del lloc web tenen un per\u00edode de garantia de dos anys, conforme als criteris i condicions descrits en el Reial decret Legislatiu 1\/2007, de 16 de novembre, pel qual s&#8217;aprova el text ref\u00f3s de la Llei General per a la Defensa dels consumidors i usuaris i altres lleis complement\u00e0ries.<\/p>\n<p>13. GARANTIES I DEVOLUCIONS<\/p>\n<p>La garantia dels serveis oferts respondran als seg\u00fcents articles basats en la Llei 23\/2003 de 10 de juliol de Garanties de venda de b\u00e9ns de consum:<\/p>\n<p>I) Conformitat dels serveis amb el contracte<\/p>\n<p>1. Excepte prova en contrari, s&#8217;entendr\u00e0 que els serveis s\u00f3n conformes amb el contracte sempre que compleixin tots els requisits que s&#8217;expressen a continuaci\u00f3, tret que per les circumst\u00e0ncies del cas algun d&#8217;ells no resulti aplicable:<\/p>\n<p>a) S&#8217;ajustin a la descripci\u00f3 realitzada per JOAN *FIGOLS *XANDRI.<\/p>\n<p>b) Siguin aptes per als usos al fet que ordin\u00e0riament es destinin els serveis del mateix tipus.<\/p>\n<p>c) Siguin aptes per a qualsevol \u00fas especial requerit pel client quan l&#8217;hagi posat en coneixement de JOAN *FIGOLS *XANDRI al moment de la celebraci\u00f3 del contracte, sempre que aquest hagi adm\u00e8s que el servei \u00e9s apte per a aquest \u00fas.<\/p>\n<p>d) Presentin la qualitat i prestacions habituals d&#8217;un servei del mateix tipus que el client pugui *fundadamente esperar, tenint en compte la naturalesa d&#8217;aquest i, si escau, de les descripcions sobre les caracter\u00edstiques concretes dels serveis fetes per JOAN *FIGOLS *XANDRI.<\/p>\n<p>i) JOAN *FIGOLS *XANDRI descriu els detalls, les caracter\u00edstiques i les fotografies dels serveis facilitats pel productor dels mateixos, de manera que no queda obligat per aquestes declaracions p\u00fabliques.<\/p>\n<p>2. La falta de conformitat que resulti d&#8217;una incorrecta prestaci\u00f3 del servei s&#8217;equiparar\u00e0 a la falta de conformitat del mateix quan la prestaci\u00f3 estigui inclosa en el contracte de serveis i hagi estat realitzada per JOAN *FIGOLS *XANDRI o sota la seva responsabilitat, o per l&#8217;USUARI quan la prestaci\u00f3 defectuosa es degui a un error en les instruccions establertes en el mateix.<\/p>\n<p>3. No procedir\u00e0 la responsabilitat per faltes de conformitat que l&#8217;USUARI conegui o no hagi pogut ignorar al moment de la celebraci\u00f3 del contracte o que tinguin el seu origen en serveis subministrats per l&#8217;USUARI.<\/p>\n<p>II) Responsabilitat del PRESTADOR<\/p>\n<p>JOAN *FIGOLS *XANDRI respondr\u00e0 davant l&#8217;USUARI de qualsevol falta de conformitat que existeixi al moment del lliurament del servei. JOAN *FIGOLS *XANDRI reconeix a l&#8217;USUARI el dret a la reparaci\u00f3 del servei, a la seva substituci\u00f3, a la rebaixa del preu i a la resoluci\u00f3 del contracte.<\/p>\n<p>III) Reparaci\u00f3 i substituci\u00f3 dels serveis<\/p>\n<p>1. Si el servei no \u00e9s conforme amb el contracte, l&#8217;USUARI podr\u00e0 optar entre exigir la reparaci\u00f3 o la substituci\u00f3 del mateix, tret que una d&#8217;aquestes opcions resulti impossible o desproporcionada. Des del moment en qu\u00e8 l&#8217;USUARI comuniqui a JOAN *FIGOLS *XANDRI l&#8217;opci\u00f3 triada, ambdues parts hauran d&#8217;atenir-se. Aquesta decisi\u00f3 de l&#8217;USUARI s&#8217;ent\u00e9n sense perjudici del que es disposa en l&#8217;article IV seg\u00fcent per als sup\u00f2sits en qu\u00e8 la reparaci\u00f3 o la substituci\u00f3 no aconsegueixin posar el servei de conformitat amb el contracte.<\/p>\n<p>2. Es considerar\u00e0 desproporcionada tota forma de sanejament que imposi a JOAN *FIGOLS *XANDRI costos que, en comparaci\u00f3 de l&#8217;altra forma de sanejament, no siguin raonables, tenint en compte el valor que tindria el servei si no hi hagu\u00e9s falta de conformitat, la rellev\u00e0ncia de la falta de conformitat i si la forma de sanejament alternativa es pogu\u00e9s realitzar sense inconvenients majors per a l&#8217;USUARI.<\/p>\n<p>IV) Regles de la reparaci\u00f3 o substituci\u00f3 del servei<\/p>\n<p>La reparaci\u00f3 i la substituci\u00f3 s&#8217;ajustaran a les seg\u00fcents regles:<\/p>\n<p>a) Seran gratu\u00eftes per a l&#8217;USUARI.<\/p>\n<p>b) Es duran a terme en un termini raonable i sense majors inconvenients per a l&#8217;usuari, tenint en compte la naturalesa dels serveis i la finalitat que tinguessin per a l&#8217;USUARI.<\/p>\n<p>c) La reparaci\u00f3 susp\u00e8n el c\u00f2mput dels terminis al fet que es refereix l&#8217;article VII. El per\u00edode de suspensi\u00f3 comen\u00e7ar\u00e0 des que l&#8217;USUARI ho posi en coneixement de JOAN *FIGOLS *XANDRI i conclour\u00e0 amb el lliurament a l&#8217;USUARI del servei ja reparat. Durant els sis mesos posteriors al lliurament del servei reparat, JOAN *FIGOLS *XANDRI respondr\u00e0 de les faltes de conformitat que van motivar la reparaci\u00f3. Es presumeix que es tracta de la mateixa falta de conformitat quan es reprodueixin en el servei defectes del mateix origen que els inicialment manifestats.<\/p>\n<p>d) La substituci\u00f3 susp\u00e8n els terminis al fet que es refereix l&#8217;article VII des de l&#8217;exercici de l&#8217;opci\u00f3 fins al lliurament del nou servei. Al servei substitut li ser\u00e0 aplicable, en tot cas, el segon par\u00e0graf de l&#8217;article VII.<\/p>\n<p>i) Si conclosa la reparaci\u00f3 i lliurat el servei, aquest segueix sent no conforme amb el contracte, l&#8217;USUARI podr\u00e0 exigir la substituci\u00f3 del mateix, dins dels l\u00edmits establerts a l&#8217;apartat 2 de l&#8217;article IV, o la rebaixa del preu o la resoluci\u00f3 del contracte en els termes de l&#8217;article V.<\/p>\n<p>f) Si la substituci\u00f3 no aconsegueix posar el servei de conformitat amb el contracte, l&#8217;USUARI podr\u00e0 exigir la reparaci\u00f3 del mateix, dins dels l\u00edmits establerts a l&#8217;apartat 2 de l&#8217;article IV, o la rebaixa del preu o la resoluci\u00f3 del contracte en els termes dels articles V i VI.<\/p>\n<p>V) Rebaixa del preu i resoluci\u00f3 del contracte<\/p>\n<p>La rebaixa del preu i la resoluci\u00f3 del contracte procediran, a elecci\u00f3 de l&#8217;USUARI, quan aquest no pugui exigir la reparaci\u00f3 o la substituci\u00f3 del servei i en els casos en qu\u00e8 aquestes no s&#8217;hagin dut a terme en termini raonable o sense majors inconvenients per a l&#8217;USUARI. La resoluci\u00f3 no procedir\u00e0 quan la falta de conformitat sigui d&#8217;escassa import\u00e0ncia.<\/p>\n<p>VI) Criteris per a la rebaixa del preu<\/p>\n<p>La rebaixa del preu ser\u00e0 proporcional a la difer\u00e8ncia existent entre el valor que el servei hagu\u00e9s tingut al moment del lliurament d&#8217;haver estat conforme amb el contracte i el valor que el servei efectivament lliurat tenia al moment del lliurament.<\/p>\n<p>VII) Terminis<\/p>\n<p>1. JOAN *FIGOLS *XANDRI respon de les faltes de conformitat que es manifestin en un termini de dos anys des del lliurament.<\/p>\n<p>Excepte prova en contrari, es presumir\u00e0 que les faltes de conformitat que es manifestin en els sis mesos posteriors al lliurament ja existien quan el servei es va lliurar, excepte quan aquesta presumpci\u00f3 sigui incompatible amb la naturalesa del servei o l&#8217;\u00edndole de la falta de conformitat.<\/p>\n<p>2. Excepte prova en contrari, el lliurament s&#8217;ent\u00e9n feta el dia que figuri en la factura o etiqueta de compra, o en l&#8217;albar\u00e0 de lliurament corresponent si aquest fos posterior.<\/p>\n<p>3. L&#8217;acci\u00f3 per reclamar el compliment del previst en els articles anteriors prescriu als tres anys des del lliurament del servei.<\/p>\n<p>4. L&#8217;USUARI haur\u00e0 d&#8217;informar a JOAN *FIGOLS *XANDRI de la falta de conformitat en el termini de dos mesos des que va tenir coneixement d&#8217;ella.<\/p>\n<p>Excepte prova en contrari, s&#8217;entendr\u00e0 que la comunicaci\u00f3 de l&#8217;USUARI ha tingut lloc dins del termini establert.<\/p>\n<p>VIII) Acci\u00f3 contra el productor<\/p>\n<p>Quan a l&#8217;USUARI li resulti impossible o li suposi una c\u00e0rrega excessiva dirigir-se a JOAN *FIGOLS *XANDRI per falta de conformitat dels serveis amb el contracte de prestaci\u00f3 de serveis podr\u00e0 reclamar directament al productor amb la finalitat d&#8217;obtenir la substituci\u00f3 o reparaci\u00f3 del servei.<\/p>\n<p>Amb car\u00e0cter general, i sense perjudici que la responsabilitat del productor cessament, en els mateixos terminis i condicions que els establerts per a JOAN *FIGOLS *XANDRI, el productor respondr\u00e0 per la falta de conformitat quan aquesta es refereixi a l&#8217;origen, identitat o idone\u00eftat dels serveis, d&#8217;acord amb la seva naturalesa i finalitat i amb les normes que els regulen.<\/p>\n<p>S&#8217;ent\u00e9n per productor, el responsable d&#8217;un servei o l&#8217;importador del mateix al territori de la Uni\u00f3 Europea o a qualsevol persona que es presenti com a tal en indicar en el servei el seu nom, marca o un altre signe distintiu.<\/p>\n<p>Qui hagi respost enfront de l&#8217;USUARI, disposar\u00e0 del termini d&#8217;un any per repetir de responsable de la falta de conformitat. Aquest termini es computa a partir del moment en qu\u00e8 es va completar el sanejament.<\/p>\n<p>14. LLEI APLICABLE I JURISDICCI\u00d3<\/p>\n<p>Aquestes condicions es regiran o interpretaran conforme a la legislaci\u00f3 espanyola en all\u00f2 que no estigui expressament establert. El PRESTADOR i l&#8217;USUARI acorden sotmetre qualsevol controv\u00e8rsia que pogu\u00e9s suscitar-se de la prestaci\u00f3 dels serveis objecto d&#8217;aquestes Condicions dels jutjats i tribunals del domicili de l&#8217;USUARI.<\/p>\n<p>En cas que l&#8217;USUARI tingui el seu domicili fora d&#8217;Espanya, el PRESTADOR i l&#8217;USUARI renuncien expressament a qualsevol altre f\u00f2rum, sotmetent-se als Jutjats i Tribunals m\u00e9s propers a la poblaci\u00f3 de BERGA (Espanya).<br \/>\n[\/et_pb_text][\/et_pb_column][\/et_pb_row][\/et_pb_section]<\/p>\n","protected":false},"excerpt":{"rendered":"<p>[et_pb_section fb_built=\u00bb1&#8243; _builder_version=\u00bb3.22&#8243;][et_pb_row _builder_version=\u00bb3.25&#8243; background_size=\u00bbinitial\u00bb background_position=\u00bbtop_left\u00bb background_repeat=\u00bbrepeat\u00bb][et_pb_column type=\u00bb4_4&#8243; _builder_version=\u00bb3.25&#8243; custom_padding=\u00bb|||\u00bb custom_padding__hover=\u00bb|||\u00bb][et_pb_text _builder_version=\u00bb3.27.4&#8243;]E-COMERCE (SERVEIS). Condicions generals de contractaci\u00f3 CONDICIONIS GENERALS DE CONTRACTACI\u00d3 Aquest document contractual regir\u00e0 la contractaci\u00f3 de serveis a trav\u00e9s del lloc web http:\/\/escapelapatum.com\/, propietat de JOAN FIGOLS XANDRI, d&#8217;ara endavant PRESTADOR. L&#8217;acceptaci\u00f3 d&#8217;aquest document comporta que l&#8217;USUARI: &#8211; Ha llegit, ent\u00e9n i compr\u00e8n [&hellip;]<\/p>\n","protected":false},"author":1,"featured_media":0,"parent":0,"menu_order":0,"comment_status":"closed","ping_status":"closed","template":"page-template-blank.php","meta":{"_et_pb_use_builder":"on","_et_pb_old_content":"","_et_gb_content_width":""},"_links":{"self":[{"href":"https:\/\/escapelapatum.com\/index.php\/wp-json\/wp\/v2\/pages\/195"}],"collection":[{"href":"https:\/\/escapelapatum.com\/index.php\/wp-json\/wp\/v2\/pages"}],"about":[{"href":"https:\/\/escapelapatum.com\/index.php\/wp-json\/wp\/v2\/types\/page"}],"author":[{"embeddable":true,"href":"https:\/\/escapelapatum.com\/index.php\/wp-json\/wp\/v2\/users\/1"}],"replies":[{"embeddable":true,"href":"https:\/\/escapelapatum.com\/index.php\/wp-json\/wp\/v2\/comments?post=195"}],"version-history":[{"count":4,"href":"https:\/\/escapelapatum.com\/index.php\/wp-json\/wp\/v2\/pages\/195\/revisions"}],"predecessor-version":[{"id":260,"href":"https:\/\/escapelapatum.com\/index.php\/wp-json\/wp\/v2\/pages\/195\/revisions\/260"}],"wp:attachment":[{"href":"https:\/\/escapelapatum.com\/index.php\/wp-json\/wp\/v2\/media?parent=195"}],"curies":[{"name":"wp","href":"https:\/\/api.w.org\/{rel}","templated":true}]}}